{"id":853,"date":"2023-08-25T13:51:19","date_gmt":"2023-08-25T10:51:19","guid":{"rendered":"https:\/\/tervolansaha.fi\/?page_id=853"},"modified":"2023-08-25T14:33:29","modified_gmt":"2023-08-25T11:33:29","slug":"ajankohtaista","status":"publish","type":"page","link":"https:\/\/tervolansaha.fi\/en\/current-affairs\/","title":{"rendered":"News"},"content":{"rendered":"<div data-elementor-type=\"wp-page\" data-elementor-id=\"853\" class=\"elementor elementor-853\" data-elementor-post-type=\"page\">\n\t\t\t\t\t\t<section class=\"elementor-section elementor-top-section elementor-element elementor-element-4646c55c elementor-section-stretched elementor-section-boxed elementor-section-height-default elementor-section-height-default\" data-id=\"4646c55c\" data-element_type=\"section\" data-settings=\"{&quot;stretch_section&quot;:&quot;section-stretched&quot;}\">\n\t\t\t\t\t\t<div class=\"elementor-container elementor-column-gap-no\">\n\t\t\t\t\t<div class=\"elementor-column elementor-col-100 elementor-top-column elementor-element elementor-element-3bee20eb\" data-id=\"3bee20eb\" data-element_type=\"column\">\n\t\t\t<div class=\"elementor-widget-wrap elementor-element-populated\">\n\t\t\t\t\t\t<div class=\"elementor-element elementor-element-1c248f2f elementor-widget elementor-widget-heading\" data-id=\"1c248f2f\" data-element_type=\"widget\" data-widget_type=\"heading.default\">\n\t\t\t\t<div class=\"elementor-widget-container\">\n\t\t\t\t\t<h2 class=\"elementor-heading-title elementor-size-default\">NEWS<\/h2>\t\t\t\t<\/div>\n\t\t\t\t<\/div>\n\t\t\t\t<div class=\"elementor-element elementor-element-59848b82 elementor-widget elementor-widget-heading\" data-id=\"59848b82\" data-element_type=\"widget\" data-widget_type=\"heading.default\">\n\t\t\t\t<div class=\"elementor-widget-container\">\n\t\t\t\t\t<h2 class=\"elementor-heading-title elementor-size-default\">NEWS AND OTHER CURRENT AFFAIRS<\/h2>\t\t\t\t<\/div>\n\t\t\t\t<\/div>\n\t\t\t\t<section class=\"elementor-section elementor-inner-section elementor-element elementor-element-13b37db9 elementor-section-boxed elementor-section-height-default elementor-section-height-default\" data-id=\"13b37db9\" data-element_type=\"section\">\n\t\t\t\t\t\t<div class=\"elementor-container elementor-column-gap-default\">\n\t\t\t\t\t<div class=\"elementor-column elementor-col-100 elementor-inner-column elementor-element elementor-element-151f398c\" data-id=\"151f398c\" data-element_type=\"column\">\n\t\t\t<div class=\"elementor-widget-wrap elementor-element-populated\">\n\t\t\t\t\t\t<div class=\"elementor-element elementor-element-530f1bd5 elementor-grid-3 elementor-grid-tablet-2 elementor-grid-mobile-1 elementor-posts--thumbnail-top elementor-card-shadow-yes elementor-posts__hover-gradient elementor-widget elementor-widget-posts\" data-id=\"530f1bd5\" data-element_type=\"widget\" data-settings=\"{&quot;cards_columns&quot;:&quot;3&quot;,&quot;cards_columns_tablet&quot;:&quot;2&quot;,&quot;cards_columns_mobile&quot;:&quot;1&quot;,&quot;cards_row_gap&quot;:{&quot;unit&quot;:&quot;px&quot;,&quot;size&quot;:35,&quot;sizes&quot;:[]},&quot;cards_row_gap_tablet&quot;:{&quot;unit&quot;:&quot;px&quot;,&quot;size&quot;:&quot;&quot;,&quot;sizes&quot;:[]},&quot;cards_row_gap_mobile&quot;:{&quot;unit&quot;:&quot;px&quot;,&quot;size&quot;:&quot;&quot;,&quot;sizes&quot;:[]}}\" data-widget_type=\"posts.cards\">\n\t\t\t\t<div class=\"elementor-widget-container\">\n\t\t\t\t\t\t\t<div class=\"elementor-posts-container elementor-posts elementor-posts--skin-cards elementor-grid\">\n\t\t\t\t<article class=\"elementor-post elementor-grid-item post-1361 post type-post status-publish format-standard hentry category-uncategorized\">\n\t\t\t<div class=\"elementor-post__card\">\n\t\t\t\t<div class=\"elementor-post__text\">\n\t\t\t\t<h3 class=\"elementor-post__title\">\n\t\t\t<a href=\"https:\/\/tervolansaha.fi\/en\/countryside-with-eight-fairs\/\" >\n\t\t\t\tFrom the countryside -fair\t\t\t<\/a>\n\t\t<\/h3>\n\t\t\t\t<div class=\"elementor-post__excerpt\">\n\t\t\t<p>The From the Countryside Up Fair is approaching! We are a sponsor of the fair and can be met at stand B32. We warmly welcome you to visit our stand! Our forestry experts and other representatives of our company will be present. You will also find<\/p>\n\t\t<\/div>\n\t\t\n\t\t<a class=\"elementor-post__read-more\" href=\"https:\/\/tervolansaha.fi\/en\/countryside-with-eight-fairs\/\" aria-label=\"Read more about From the countryside -fair\" tabindex=\"-1\" >\n\t\t\tRead More \"\t\t<\/a>\n\n\t\t\t\t<\/div>\n\t\t\t\t<div class=\"elementor-post__meta-data\">\n\t\t\t\t\t<span class=\"elementor-post-date\">\n\t\t\tAugust 29, 2025\t\t<\/span>\n\t\t\t\t<\/div>\n\t\t\t\t\t<\/div>\n\t\t<\/article>\n\t\t\t\t<article class=\"elementor-post elementor-grid-item post-1225 post type-post status-publish format-standard has-post-thumbnail hentry category-uutiset tag-kuusi tag-leimikko tag-manty tag-metsapaiva tag-puunmyynti\">\n\t\t\t<div class=\"elementor-post__card\">\n\t\t\t\t<a class=\"elementor-post__thumbnail__link\" href=\"https:\/\/tervolansaha.fi\/en\/logging-boat-6-5-2024-at-our-new-sawmill\/\" tabindex=\"-1\" ><div class=\"elementor-post__thumbnail\"><img fetchpriority=\"high\" decoding=\"async\" width=\"300\" height=\"293\" src=\"https:\/\/tervolansaha.fi\/wp-content\/uploads\/2024\/04\/Nayttokuva-2024-04-19-123320-300x293.png\" class=\"attachment-medium size-medium wp-image-1227\" alt=\"\" srcset=\"https:\/\/tervolansaha.fi\/wp-content\/uploads\/2024\/04\/Nayttokuva-2024-04-19-123320-300x293.png 300w, https:\/\/tervolansaha.fi\/wp-content\/uploads\/2024\/04\/Nayttokuva-2024-04-19-123320-12x12.png 12w, https:\/\/tervolansaha.fi\/wp-content\/uploads\/2024\/04\/Nayttokuva-2024-04-19-123320.png 768w\" sizes=\"(max-width: 300px) 100vw, 300px\" \/><\/div><\/a>\n\t\t\t\t<div class=\"elementor-post__badge\">News<\/div>\n\t\t\t\t<div class=\"elementor-post__text\">\n\t\t\t\t<h3 class=\"elementor-post__title\">\n\t\t\t<a href=\"https:\/\/tervolansaha.fi\/en\/logging-boat-6-5-2024-at-our-new-sawmill\/\" >\n\t\t\t\tForest Day 6.5.2024 at the new sawmill\t\t\t<\/a>\n\t\t<\/h3>\n\t\t\t\t<div class=\"elementor-post__excerpt\">\n\t\t\t<p>We are organising a Forest Day on Monday 6 May from 13-18 at our sawmill. Get information from forestry professionals on forest-related issues and good wood deals. We will draw a good product prize among all those who have made a summer timber sale by 15.6.2024.<\/p>\n\t\t<\/div>\n\t\t\n\t\t<a class=\"elementor-post__read-more\" href=\"https:\/\/tervolansaha.fi\/en\/logging-boat-6-5-2024-at-our-new-sawmill\/\" aria-label=\"Read more about Forest Day 6.5.2024 at the new sawmill\" tabindex=\"-1\" >\n\t\t\tRead More \"\t\t<\/a>\n\n\t\t\t\t<\/div>\n\t\t\t\t<div class=\"elementor-post__meta-data\">\n\t\t\t\t\t<span class=\"elementor-post-date\">\n\t\t\tApril 19, 2024\t\t<\/span>\n\t\t\t\t<\/div>\n\t\t\t\t\t<\/div>\n\t\t<\/article>\n\t\t\t\t<article class=\"elementor-post elementor-grid-item post-1074 post type-post status-publish format-standard has-post-thumbnail hentry category-uutiset tag-avajaiset tag-sari-essayah tag-tervolan-saha tag-tervolan-saha-oy tag-uusi-sahalaitos tag-vihkiaiset\">\n\t\t\t<div class=\"elementor-post__card\">\n\t\t\t\t<a class=\"elementor-post__thumbnail__link\" href=\"https:\/\/tervolansaha.fi\/en\/inauguration-of-the-sawmill-1-9-2023\/\" tabindex=\"-1\" ><div class=\"elementor-post__thumbnail\"><img decoding=\"async\" width=\"300\" height=\"200\" src=\"https:\/\/tervolansaha.fi\/wp-content\/uploads\/2023\/09\/IMG_141-300x200.jpg\" class=\"attachment-medium size-medium wp-image-1075\" alt=\"\" srcset=\"https:\/\/tervolansaha.fi\/wp-content\/uploads\/2023\/09\/IMG_141-300x200.jpg 300w, https:\/\/tervolansaha.fi\/wp-content\/uploads\/2023\/09\/IMG_141-1024x683.jpg 1024w, https:\/\/tervolansaha.fi\/wp-content\/uploads\/2023\/09\/IMG_141-768x512.jpg 768w, https:\/\/tervolansaha.fi\/wp-content\/uploads\/2023\/09\/IMG_141-1536x1024.jpg 1536w, https:\/\/tervolansaha.fi\/wp-content\/uploads\/2023\/09\/IMG_141-18x12.jpg 18w, https:\/\/tervolansaha.fi\/wp-content\/uploads\/2023\/09\/IMG_141.jpg 2048w\" sizes=\"(max-width: 300px) 100vw, 300px\" \/><\/div><\/a>\n\t\t\t\t<div class=\"elementor-post__badge\">News<\/div>\n\t\t\t\t<div class=\"elementor-post__text\">\n\t\t\t\t<h3 class=\"elementor-post__title\">\n\t\t\t<a href=\"https:\/\/tervolansaha.fi\/en\/inauguration-of-the-sawmill-1-9-2023\/\" >\n\t\t\t\tOpening celebrations of the sawmill 1.9.2023\t\t\t<\/a>\n\t\t<\/h3>\n\t\t\t\t<div class=\"elementor-post__excerpt\">\n\t\t\t<p>On Friday 1.9.2023, we celebrated the inauguration of our new sawmill. The programme of the event started with an overview of the project, from the first meetings to the finished package, which was shown in the form of a video. We were transported into a festive mood by Vivaldi's four<\/p>\n\t\t<\/div>\n\t\t\n\t\t<a class=\"elementor-post__read-more\" href=\"https:\/\/tervolansaha.fi\/en\/inauguration-of-the-sawmill-1-9-2023\/\" aria-label=\"Read more about Inauguration of the sawmill on 1.9.2023\" tabindex=\"-1\" >\n\t\t\tRead More \"\t\t<\/a>\n\n\t\t\t\t<\/div>\n\t\t\t\t<div class=\"elementor-post__meta-data\">\n\t\t\t\t\t<span class=\"elementor-post-date\">\n\t\t\tSeptember 13, 2023\t\t<\/span>\n\t\t\t\t<\/div>\n\t\t\t\t\t<\/div>\n\t\t<\/article>\n\t\t\t\t<article class=\"elementor-post elementor-grid-item post-888 post type-post status-publish format-standard has-post-thumbnail hentry category-uutiset tag-sari-essayah tag-tervolan-saha-oy\">\n\t\t\t<div class=\"elementor-post__card\">\n\t\t\t\t<a class=\"elementor-post__thumbnail__link\" href=\"https:\/\/tervolansaha.fi\/en\/open-doors\/\" tabindex=\"-1\" ><div class=\"elementor-post__thumbnail\"><img decoding=\"async\" width=\"300\" height=\"243\" src=\"https:\/\/tervolansaha.fi\/wp-content\/uploads\/2023\/08\/DJI_0685-2-2-300x243.jpg\" class=\"attachment-medium size-medium wp-image-889\" alt=\"\" srcset=\"https:\/\/tervolansaha.fi\/wp-content\/uploads\/2023\/08\/DJI_0685-2-2-300x243.jpg 300w, https:\/\/tervolansaha.fi\/wp-content\/uploads\/2023\/08\/DJI_0685-2-2-1024x830.jpg 1024w, https:\/\/tervolansaha.fi\/wp-content\/uploads\/2023\/08\/DJI_0685-2-2-768x622.jpg 768w, https:\/\/tervolansaha.fi\/wp-content\/uploads\/2023\/08\/DJI_0685-2-2.jpg 1333w\" sizes=\"(max-width: 300px) 100vw, 300px\" \/><\/div><\/a>\n\t\t\t\t<div class=\"elementor-post__badge\">News<\/div>\n\t\t\t\t<div class=\"elementor-post__text\">\n\t\t\t\t<h3 class=\"elementor-post__title\">\n\t\t\t<a href=\"https:\/\/tervolansaha.fi\/en\/open-doors\/\" >\n\t\t\t\tOpen doors\t\t\t<\/a>\n\t\t<\/h3>\n\t\t\t\t<div class=\"elementor-post__excerpt\">\n\t\t\t<p>Our new sawmill open house event will take place on Friday 1.9.2023. The public will have the opportunity to visit the plant and the sawmill from 14-18. The tour will take place in guided small groups. Access route to the venue<\/p>\n\t\t<\/div>\n\t\t\n\t\t<a class=\"elementor-post__read-more\" href=\"https:\/\/tervolansaha.fi\/en\/open-doors\/\" aria-label=\"Read more about Open Doors\" tabindex=\"-1\" >\n\t\t\tRead More \"\t\t<\/a>\n\n\t\t\t\t<\/div>\n\t\t\t\t<div class=\"elementor-post__meta-data\">\n\t\t\t\t\t<span class=\"elementor-post-date\">\n\t\t\tAugust 25, 2023\t\t<\/span>\n\t\t\t\t<\/div>\n\t\t\t\t\t<\/div>\n\t\t<\/article>\n\t\t\t\t<article class=\"elementor-post elementor-grid-item post-886 post type-post status-publish format-standard has-post-thumbnail hentry category-uutiset\">\n\t\t\t<div class=\"elementor-post__card\">\n\t\t\t\t<a class=\"elementor-post__thumbnail__link\" href=\"https:\/\/tervolansaha.fi\/en\/opening-ceremony\/\" tabindex=\"-1\" ><div class=\"elementor-post__thumbnail\"><img loading=\"lazy\" decoding=\"async\" width=\"300\" height=\"200\" src=\"https:\/\/tervolansaha.fi\/wp-content\/uploads\/2023\/08\/52067168027_9cb344ff16_k-1024x683-1-1-300x200.jpg\" class=\"attachment-medium size-medium wp-image-887\" alt=\"\" srcset=\"https:\/\/tervolansaha.fi\/wp-content\/uploads\/2023\/08\/52067168027_9cb344ff16_k-1024x683-1-1-300x200.jpg 300w, https:\/\/tervolansaha.fi\/wp-content\/uploads\/2023\/08\/52067168027_9cb344ff16_k-1024x683-1-1-768x512.jpg 768w, https:\/\/tervolansaha.fi\/wp-content\/uploads\/2023\/08\/52067168027_9cb344ff16_k-1024x683-1-1.jpg 1024w\" sizes=\"(max-width: 300px) 100vw, 300px\" \/><\/div><\/a>\n\t\t\t\t<div class=\"elementor-post__badge\">News<\/div>\n\t\t\t\t<div class=\"elementor-post__text\">\n\t\t\t\t<h3 class=\"elementor-post__title\">\n\t\t\t<a href=\"https:\/\/tervolansaha.fi\/en\/opening-ceremony\/\" >\n\t\t\t\tOpening ceremony\t\t\t<\/a>\n\t\t<\/h3>\n\t\t\t\t<div class=\"elementor-post__excerpt\">\n\t\t\t<p>The sawmill is ready to open its doors for production Tervolan Saha ja H\u00f6yl\u00e4\u00e4m\u00f6 Oy's ongoing large-scale sawmill project has reached the stage where the plant can be officially opened.<\/p>\n\t\t<\/div>\n\t\t\n\t\t<a class=\"elementor-post__read-more\" href=\"https:\/\/tervolansaha.fi\/en\/opening-ceremony\/\" aria-label=\"Read more about Opening ceremony\" tabindex=\"-1\" >\n\t\t\tRead More \"\t\t<\/a>\n\n\t\t\t\t<\/div>\n\t\t\t\t<div class=\"elementor-post__meta-data\">\n\t\t\t\t\t<span class=\"elementor-post-date\">\n\t\t\tAugust 25, 2023\t\t<\/span>\n\t\t\t\t<\/div>\n\t\t\t\t\t<\/div>\n\t\t<\/article>\n\t\t\t\t<article class=\"elementor-post elementor-grid-item post-885 post type-post status-publish format-standard has-post-thumbnail hentry category-uutiset\">\n\t\t\t<div class=\"elementor-post__card\">\n\t\t\t\t<a class=\"elementor-post__thumbnail__link\" href=\"https:\/\/tervolansaha.fi\/en\/tervola-sawmill-and-milling-company-invests-in-a-new-sawmill-in-tervola\/\" tabindex=\"-1\" ><div class=\"elementor-post__thumbnail\"><img loading=\"lazy\" decoding=\"async\" width=\"300\" height=\"225\" src=\"https:\/\/tervolansaha.fi\/wp-content\/uploads\/2023\/08\/Lea-ja-Juha-2-300x225.jpg\" class=\"attachment-medium size-medium wp-image-884\" alt=\"\" srcset=\"https:\/\/tervolansaha.fi\/wp-content\/uploads\/2023\/08\/Lea-ja-Juha-2-300x225.jpg 300w, https:\/\/tervolansaha.fi\/wp-content\/uploads\/2023\/08\/Lea-ja-Juha-2-1024x768.jpg 1024w, https:\/\/tervolansaha.fi\/wp-content\/uploads\/2023\/08\/Lea-ja-Juha-2-768x576.jpg 768w, https:\/\/tervolansaha.fi\/wp-content\/uploads\/2023\/08\/Lea-ja-Juha-2.jpg 1440w\" sizes=\"(max-width: 300px) 100vw, 300px\" \/><\/div><\/a>\n\t\t\t\t<div class=\"elementor-post__badge\">News<\/div>\n\t\t\t\t<div class=\"elementor-post__text\">\n\t\t\t\t<h3 class=\"elementor-post__title\">\n\t\t\t<a href=\"https:\/\/tervolansaha.fi\/en\/tervola-sawmill-and-milling-company-invests-in-a-new-sawmill-in-tervola\/\" >\n\t\t\t\tTervolan Saha ja H\u00f6yl\u00e4\u00e4m\u00f6 Oy invests in a new sawmill in Tervola\t\t\t<\/a>\n\t\t<\/h3>\n\t\t\t\t<div class=\"elementor-post__excerpt\">\n\t\t\t<p>The investment project includes new equipment; a sawmill, a saw feed, a peeling mill, a 30-compartment fresh sorting and rimming plant and a production control system. The equipment will be installed in a new hall of almost 4000 m2. The project will start in summer 2022<\/p>\n\t\t<\/div>\n\t\t\n\t\t<a class=\"elementor-post__read-more\" href=\"https:\/\/tervolansaha.fi\/en\/tervola-sawmill-and-milling-company-invests-in-a-new-sawmill-in-tervola\/\" aria-label=\"Read more about Tervolan Saha ja H\u00f6yl\u00e4\u00e4m\u00f6 Oy invests in a new sawmill in Tervola\" tabindex=\"-1\" >\n\t\t\tRead More \"\t\t<\/a>\n\n\t\t\t\t<\/div>\n\t\t\t\t<div class=\"elementor-post__meta-data\">\n\t\t\t\t\t<span class=\"elementor-post-date\">\n\t\t\tJune 22, 2021\t\t<\/span>\n\t\t\t\t<\/div>\n\t\t\t\t\t<\/div>\n\t\t<\/article>\n\t\t\t\t<\/div>\n\t\t\n\t\t\t\t\t\t<\/div>\n\t\t\t\t<\/div>\n\t\t\t\t\t<\/div>\n\t\t<\/div>\n\t\t\t\t\t<\/div>\n\t\t<\/section>\n\t\t\t\t\t<\/div>\n\t\t<\/div>\n\t\t\t\t\t<\/div>\n\t\t<\/section>\n\t\t\t\t<\/div>","protected":false},"excerpt":{"rendered":"<p>CURRENT NEWS AND OTHER TOPICAL ISSUES<\/p>","protected":false},"author":2,"featured_media":857,"parent":0,"menu_order":0,"comment_status":"closed","ping_status":"closed","template":"","meta":{"_acf_changed":false,"footnotes":""},"class_list":["post-853","page","type-page","status-publish","has-post-thumbnail","hentry"],"acf":[],"_links":{"self":[{"href":"https:\/\/tervolansaha.fi\/en\/wp-json\/wp\/v2\/pages\/853","targetHints":{"allow":["GET"]}}],"collection":[{"href":"https:\/\/tervolansaha.fi\/en\/wp-json\/wp\/v2\/pages"}],"about":[{"href":"https:\/\/tervolansaha.fi\/en\/wp-json\/wp\/v2\/types\/page"}],"author":[{"embeddable":true,"href":"https:\/\/tervolansaha.fi\/en\/wp-json\/wp\/v2\/users\/2"}],"replies":[{"embeddable":true,"href":"https:\/\/tervolansaha.fi\/en\/wp-json\/wp\/v2\/comments?post=853"}],"version-history":[{"count":5,"href":"https:\/\/tervolansaha.fi\/en\/wp-json\/wp\/v2\/pages\/853\/revisions"}],"predecessor-version":[{"id":1066,"href":"https:\/\/tervolansaha.fi\/en\/wp-json\/wp\/v2\/pages\/853\/revisions\/1066"}],"wp:featuredmedia":[{"embeddable":true,"href":"https:\/\/tervolansaha.fi\/en\/wp-json\/wp\/v2\/media\/857"}],"wp:attachment":[{"href":"https:\/\/tervolansaha.fi\/en\/wp-json\/wp\/v2\/media?parent=853"}],"curies":[{"name":"wp","href":"https:\/\/api.w.org\/{rel}","templated":true}]}}