{"id":840,"date":"2023-08-25T13:51:14","date_gmt":"2023-08-25T10:51:14","guid":{"rendered":"https:\/\/tervolansaha.fi\/?page_id=840"},"modified":"2026-04-22T15:09:40","modified_gmt":"2026-04-22T12:09:40","slug":"yritys","status":"publish","type":"page","link":"https:\/\/tervolansaha.fi\/en\/company\/","title":{"rendered":"Company"},"content":{"rendered":"<div data-elementor-type=\"wp-page\" data-elementor-id=\"840\" class=\"elementor elementor-840\" data-elementor-post-type=\"page\">\n\t\t\t\t\t\t<section class=\"elementor-section elementor-top-section elementor-element elementor-element-1bbdb211 elementor-reverse-mobile elementor-section-boxed elementor-section-height-default elementor-section-height-default\" data-id=\"1bbdb211\" data-element_type=\"section\">\n\t\t\t\t\t\t<div class=\"elementor-container elementor-column-gap-default\">\n\t\t\t\t\t<div class=\"elementor-column elementor-col-33 elementor-top-column elementor-element elementor-element-53c600bf\" data-id=\"53c600bf\" data-element_type=\"column\" data-settings=\"{&quot;background_background&quot;:&quot;classic&quot;}\">\n\t\t\t<div class=\"elementor-widget-wrap elementor-element-populated\">\n\t\t\t\t\t<div class=\"elementor-background-overlay\"><\/div>\n\t\t\t\t\t\t<div class=\"elementor-element elementor-element-789343e0 elementor-widget elementor-widget-image\" data-id=\"789343e0\" data-element_type=\"widget\" data-widget_type=\"image.default\">\n\t\t\t\t<div class=\"elementor-widget-container\">\n\t\t\t\t\t\t\t\t\t\t\t\t\t\t\t<img fetchpriority=\"high\" decoding=\"async\" width=\"800\" height=\"600\" src=\"https:\/\/tervolansaha.fi\/wp-content\/uploads\/2023\/08\/Lea-ja-Juha-1-1024x768.jpg\" class=\"attachment-large size-large wp-image-842\" alt=\"\" srcset=\"https:\/\/tervolansaha.fi\/wp-content\/uploads\/2023\/08\/Lea-ja-Juha-1-1024x768.jpg 1024w, https:\/\/tervolansaha.fi\/wp-content\/uploads\/2023\/08\/Lea-ja-Juha-1-300x225.jpg 300w, https:\/\/tervolansaha.fi\/wp-content\/uploads\/2023\/08\/Lea-ja-Juha-1-768x576.jpg 768w, https:\/\/tervolansaha.fi\/wp-content\/uploads\/2023\/08\/Lea-ja-Juha-1.jpg 1440w\" sizes=\"(max-width: 800px) 100vw, 800px\" \/>\t\t\t\t\t\t\t\t\t\t\t\t\t\t\t<\/div>\n\t\t\t\t<\/div>\n\t\t\t\t\t<\/div>\n\t\t<\/div>\n\t\t\t\t<div class=\"elementor-column elementor-col-66 elementor-top-column elementor-element elementor-element-4a5a10eb\" data-id=\"4a5a10eb\" data-element_type=\"column\">\n\t\t\t<div class=\"elementor-widget-wrap elementor-element-populated\">\n\t\t\t\t\t\t<div class=\"elementor-element elementor-element-377bbc77 elementor-widget elementor-widget-heading\" data-id=\"377bbc77\" data-element_type=\"widget\" data-widget_type=\"heading.default\">\n\t\t\t\t<div class=\"elementor-widget-container\">\n\t\t\t\t\t<h2 class=\"elementor-heading-title elementor-size-default\">SINCE 1956 <\/h2>\t\t\t\t<\/div>\n\t\t\t\t<\/div>\n\t\t\t\t<div class=\"elementor-element elementor-element-10afae29 elementor-widget elementor-widget-heading\" data-id=\"10afae29\" data-element_type=\"widget\" data-widget_type=\"heading.default\">\n\t\t\t\t<div class=\"elementor-widget-container\">\n\t\t\t\t\t<h2 class=\"elementor-heading-title elementor-size-default\">FAMILY BUSINESS TERVOLAN SAHA JA H\u00d6YL\u00c4\u00c4M\u00d6 OY<\/h2>\t\t\t\t<\/div>\n\t\t\t\t<\/div>\n\t\t\t\t<div class=\"elementor-element elementor-element-3f86fd34 elementor-widget elementor-widget-text-editor\" data-id=\"3f86fd34\" data-element_type=\"widget\" data-widget_type=\"text-editor.default\">\n\t\t\t\t<div class=\"elementor-widget-container\">\n\t\t\t\t\t\t\t\t\t<p><span style=\"font-family: Arial, serif;\">Our company is a woodworking company in Hastinkanaka, Tervola, Finland, founded in 1956 by Mauno Vuokila. To this day the company is still owned by the same family.<\/span><\/p><p><span style=\"font-family: Arial, serif;\">Family entrepreneurship is very much part of our everyday business life. Similar values and a common goal is one of the cornerstones of our work. Our operations are reliable, sustainable and innovative. In 2023 we completed the largest investment in our history, which included completely new equipment; a sawmill, sawmill infeed, peeling mill, a 30-bin fresh sorting and rimming plant and a production control system. The equipment was installed in a new hall of more than 3000 m2. This has allowed us to increase the sawing volume.<\/span><\/p><p><span style=\"font-family: Arial, serif; font-size: 1rem;\">The investment will also enable us to make even more efficient use of every piece of wood. Piece by piece, we are investing throughout the sawmill and modernising our equipment, which will allow us to grow and develop.<\/span><\/p><p><span style=\"font-family: Arial, serif;\">In addition to the entrepreneurial couple, our company employs their children and sons-in-law, as well as other good people. The company employs around 25 people.<\/span><\/p><p><span style=\"font-family: Arial, serif;\">Our subsidiary Vk Timber Oy in Kittil\u00e4 employs about 6 people.<\/span><\/p>\t\t\t\t\t\t\t\t<\/div>\n\t\t\t\t<\/div>\n\t\t\t\t\t<\/div>\n\t\t<\/div>\n\t\t\t\t\t<\/div>\n\t\t<\/section>\n\t\t\t\t<\/div>","protected":false},"excerpt":{"rendered":"<p>FAMILY RUN TERVOLAN SAHA JA H\u00d6YL\u00c4\u00c4M\u00d6 OY Our company is a woodworking company that has been operating in Tervola, Hastinkanaka since 1956, founded by Mauno Vuokila. To this day the company is still owned by the same family. The family business is strongly reflected in the everyday life of our company. Similar values and a common goal is one of the cornerstones of our work. Our operations are reliable, sustainable and innovative.In 2023, we completed the largest [...]<\/p>","protected":false},"author":2,"featured_media":1053,"parent":0,"menu_order":0,"comment_status":"closed","ping_status":"closed","template":"","meta":{"_acf_changed":false,"footnotes":""},"class_list":["post-840","page","type-page","status-publish","has-post-thumbnail","hentry"],"acf":[],"_links":{"self":[{"href":"https:\/\/tervolansaha.fi\/en\/wp-json\/wp\/v2\/pages\/840","targetHints":{"allow":["GET"]}}],"collection":[{"href":"https:\/\/tervolansaha.fi\/en\/wp-json\/wp\/v2\/pages"}],"about":[{"href":"https:\/\/tervolansaha.fi\/en\/wp-json\/wp\/v2\/types\/page"}],"author":[{"embeddable":true,"href":"https:\/\/tervolansaha.fi\/en\/wp-json\/wp\/v2\/users\/2"}],"replies":[{"embeddable":true,"href":"https:\/\/tervolansaha.fi\/en\/wp-json\/wp\/v2\/comments?post=840"}],"version-history":[{"count":19,"href":"https:\/\/tervolansaha.fi\/en\/wp-json\/wp\/v2\/pages\/840\/revisions"}],"predecessor-version":[{"id":1428,"href":"https:\/\/tervolansaha.fi\/en\/wp-json\/wp\/v2\/pages\/840\/revisions\/1428"}],"wp:featuredmedia":[{"embeddable":true,"href":"https:\/\/tervolansaha.fi\/en\/wp-json\/wp\/v2\/media\/1053"}],"wp:attachment":[{"href":"https:\/\/tervolansaha.fi\/en\/wp-json\/wp\/v2\/media?parent=840"}],"curies":[{"name":"wp","href":"https:\/\/api.w.org\/{rel}","templated":true}]}}